{"id":2167,"date":"2024-06-02T13:37:44","date_gmt":"2024-06-02T11:37:44","guid":{"rendered":"https:\/\/gopus.de\/?page_id=2167"},"modified":"2026-01-08T14:21:37","modified_gmt":"2026-01-08T13:21:37","slug":"newsletter","status":"publish","type":"page","link":"https:\/\/gopus.de\/en\/newsletter\/","title":{"rendered":"Newsletter"},"content":{"rendered":"<div class=\"wp-block-stackable-columns alignfull stk-block-columns stk-block stk-fbd072c stk-block-background stk--has-background-overlay\" data-block-id=\"fbd072c\"><style>.stk-fbd072c {background-color:linear-gradient(135deg,#dfe9f3 0%,white 100%) !important;background-image:url(https:\/\/gopus.de\/wp-content\/uploads\/2024\/02\/sap-header-standard4k-scaled.jpg) !important;padding-top:140px !important;padding-bottom:40px !important;margin-bottom:0px !important;overflow:visible !important;}.stk-fbd072c:before{opacity:0.8 !important;mix-blend-mode:normal !important;background-image:linear-gradient(135deg,#dfe9f3 0%,white 100%) !important;}.stk-fbd072c .stk-container{overflow:visible !important;}@media screen and (max-width:999px){.stk-fbd072c {padding-top:80px !important;}}@media screen and (max-width:689px){.stk-fbd072c {padding-top:10px !important;padding-right:10px !important;padding-bottom:10px !important;padding-left:10px !important;}}<\/style><div class=\"stk-row stk-inner-blocks stk-block-content stk-content-align stk-fbd072c-column\">\n<div class=\"wp-block-stackable-column stk-block-column stk-column stk-block stk-c2cce21\" data-v=\"4\" data-block-id=\"c2cce21\"><style>.stk-c2cce21-container{margin-top:0px !important;margin-right:0px !important;margin-bottom:0px !important;margin-left:0px !important;}<\/style><div class=\"stk-column-wrapper stk-block-column__content stk-container stk-c2cce21-container stk--no-background stk--no-padding\"><div class=\"stk-block-content stk-inner-blocks stk-c2cce21-inner-blocks\">\n<div class=\"wp-block-stackable-spacer stk-block-spacer stk--no-padding stk-block stk-4d2d242\" data-block-id=\"4d2d242\"><style>.stk-4d2d242 {height:90px !important;}@media screen and (max-width:999px){.stk-4d2d242 {height:80px !important;}}@media screen and (max-width:689px){.stk-4d2d242 {height:100px !important;}}<\/style><\/div>\n\n\n\n<div class=\"wp-block-stackable-columns stk-block-columns stk-block stk-ca064eb\" data-block-id=\"ca064eb\"><style>.stk-ca064eb {margin-bottom:0px !important;}.stk-ca064eb-column{--stk-column-gap:200px !important;row-gap:30px !important;}<\/style><div class=\"stk-row stk-inner-blocks stk-block-content stk-content-align stk-ca064eb-column\">\n<div class=\"wp-block-stackable-column stk-block-column stk-column stk-block stk-020db6d\" data-v=\"4\" data-block-id=\"020db6d\"><style>.stk-020db6d-container{margin-top:0px !important;margin-right:0px !important;margin-bottom:0px !important;margin-left:0px !important;}@media screen and (min-width:690px){.stk-020db6d {flex:var(--stk-flex-grow, 1) 1 calc(62% - var(--stk-column-gap, 0px) * 1 \/ 2 ) !important;}}@media screen and (min-width:690px) and (max-width:999px){.stk-020db6d {flex:var(--stk-flex-grow, 1) 1 calc(100% - var(--stk-column-gap, 0px) * 0 \/ 1 ) !important;}}<\/style><div class=\"stk-column-wrapper stk-block-column__content stk-container stk-020db6d-container stk--no-background stk--no-padding\"><div class=\"stk-block-content stk-inner-blocks stk-020db6d-inner-blocks\">\n<div class=\"wp-block-stackable-heading stk-block-heading stk-block-heading--v2 stk-block stk-d88c479\" id=\"newsletter\" data-block-id=\"d88c479\"><style>.stk-d88c479 {margin-bottom:30px !important;}.stk-d88c479 .stk-block-heading__text{font-size:65px !important;color:var(--theme-palette-color-2, #4064a2) !important;line-height:1.3em !important;font-weight:600 !important;font-family:\"Rajdhani\", Sans-serif !important;}@media screen and (max-width:999px){.stk-d88c479 .stk-block-heading__text{font-size:50px !important;}}@media screen and (max-width:689px){.stk-d88c479 .stk-block-heading__text{font-size:35px !important;}}<\/style><h1 class=\"stk-block-heading__text has-text-color has-palette-color-8-color has-text-align-center-tablet has-text-align-left-mobile stk-block-heading--use-theme-margins\">Newsletter<\/h1><\/div>\n\n\n\n<div class=\"wp-block-stackable-heading stk-block-heading stk-block-heading--v2 stk-block stk-825fcc8\" id=\"immer-aktuell-informiert-bleiben\" data-block-id=\"825fcc8\"><style>.stk-825fcc8 .stk-block-heading__text{font-size:36px !important;color:#757373 !important;}@media screen and (max-width:999px){.stk-825fcc8 .stk-block-heading__text{font-size:36px !important;}}@media screen and (max-width:689px){.stk-825fcc8 .stk-block-heading__text{font-size:17px !important;}}<\/style><h2 class=\"stk-block-heading__text has-text-color has-text-align-left\">Always stay up to date.<\/h2><\/div>\n\n\n\n<div class=\"wp-block-stackable-text stk-block-text stk-block stk-4267e6e\" data-block-id=\"4267e6e\"><style>.stk-4267e6e {margin-top:10px !important;margin-bottom:45px !important;}.stk-4267e6e .stk-block-text__text{font-size:20px !important;color:#757373 !important;font-weight:600 !important;}@media screen and (max-width:999px){.stk-4267e6e .stk-block-text__text{font-size:20px !important;}}@media screen and (max-width:689px){.stk-4267e6e {margin-top:0px !important;margin-bottom:0px !important;}.stk-4267e6e .stk-block-text__text{font-size:14px !important;}}<\/style><p class=\"stk-block-text__text has-text-color has-palette-color-8-color has-text-align-justify has-text-align-center-tablet has-text-align-justify-mobile\">In our newsletter we regularly inform you about&nbsp;<strong>current news about SAP, new products and exciting events<\/strong> and webinars.<\/p><\/div>\n<\/div><\/div><\/div>\n\n\n\n<div class=\"wp-block-stackable-column stk-block-column stk-column stk--hide-mobile stk-block stk-23429dd\" data-v=\"4\" data-block-id=\"23429dd\"><style>.stk-23429dd-container{margin-top:0px !important;margin-right:0px !important;margin-bottom:0px !important;margin-left:0px !important;}@media screen and (min-width:690px){.stk-23429dd {flex:var(--stk-flex-grow, 1) 1 calc(38% - var(--stk-column-gap, 0px) * 1 \/ 2 ) !important;}}@media screen and (min-width:690px) and (max-width:999px){.stk-23429dd {flex:var(--stk-flex-grow, 1) 1 calc(100% - var(--stk-column-gap, 0px) * 0 \/ 1 ) !important;}}<\/style><div class=\"stk-column-wrapper stk-block-column__content stk-container stk-23429dd-container stk--no-background stk--no-padding\"><div class=\"has-text-align-center stk-block-content stk-inner-blocks stk-23429dd-inner-blocks\">\n<div class=\"wp-block-stackable-image stk-block-image has-text-align-center stk-block stk-f7b92ed\" data-block-id=\"f7b92ed\"><style>.stk-f7b92ed .stk-img-wrapper{width:80% !important;}@media screen and (max-width:689px){.stk-f7b92ed {align-items:flex-start !important;max-width:100px !important;min-width:auto !important;margin-right:auto !important;margin-left:auto !important;display:flex !important;}.stk-f7b92ed .stk-img-wrapper{width:40% !important;}}<\/style><figure><span class=\"stk-img-wrapper stk-image--shape-stretch\"><img loading=\"lazy\" decoding=\"async\" class=\"stk-img wp-image-1228\" src=\"https:\/\/gopus.de\/wp-content\/uploads\/2024\/02\/contact.gif\" width=\"469\" height=\"424\" alt=\"\" title=\"| SAP |\"><\/span><\/figure><\/div>\n<\/div><\/div><\/div>\n<\/div><\/div>\n\n\n\n<div class=\"wp-block-stackable-spacer stk-block-spacer stk--no-padding stk-block stk-7818bcd\" data-block-id=\"7818bcd\"><style>.stk-7818bcd {height:0px !important;}@media screen and (max-width:999px){.stk-7818bcd {height:80px !important;}}@media screen and (max-width:689px){.stk-7818bcd {height:0px !important;}}<\/style><\/div>\n<\/div><\/div><\/div>\n<\/div><\/div>\n\n\n\n<div class=\"wp-block-stackable-columns stk-block-columns stk-block stk-d490438\" data-block-id=\"d490438\"><div class=\"stk-row stk-inner-blocks stk-block-content stk-content-align stk-d490438-column\">\n<div class=\"wp-block-stackable-column stk-block-column stk-column stk-block stk-3aa0929\" data-v=\"4\" data-block-id=\"3aa0929\"><style>.stk-3aa0929 {margin-top:80px !important;}<\/style><div class=\"stk-column-wrapper stk-block-column__content stk-container stk-3aa0929-container stk--no-background stk--no-padding\"><div class=\"stk-block-content stk-inner-blocks stk-3aa0929-inner-blocks\">\n<style data=\"cr\/theme\">.bgcolor-1{background-color:#F1F5F7}.bgcolor-1-outlook{background-color:#F1F5F7}.color-1{color:#082137}.bgcolor-2{background-color:#FFF}.bgcolor-2-outlook{background-color:#FFF}.color-2{color:#082137}.aux-color-1{color:#5184C4}.aux-bgcolor-1{background-color:#5184C4}.aux-color-2{color:#15C}.aux-bgcolor-2{background-color:#15C}body{background-color:#F1F5F7}a{color:#15C}.cr-web-row{width:100%;max-width:600px}.cr-maxwidth{max-width:600px}<\/style>\n<style hash=\"cr-text-web\">.cr-text{font-family:Helvetica,Arial,sans-serif;font-size:14px}<\/style>\n<style hash=\"cr-web-css\">.cr-nope{display:none!important}.cr-web-row{box-sizing:border-box}@media only screen and (max-width:690px){.cr-web-row{width:75vw}}.cr-web-wrapper{display:flex;justify-content:center}.cr-web-row ul,.cr-web-row li{gap:4px;flex-direction:row}.cr-web-row ul{padding:0 8px;margin:0;list-style-type:none;flex-direction:column}.cr-web-row option{min-height:2em;white-space:normal}.cr-web-form{display:flex;flex-direction:column}.cr-web-form input,.cr-web-form select,.cr-web-form button{padding:8px 12px;border-radius:4px;border-style:solid;border-width:1px}.cr-web-form label,.cr-web-label{font-weight:500;padding:8px 0 8px 0;font-style:normal;line-height:normal}.cr-web-form button{font-size:1em;font-weight:700;color:#fff;font-style:normal;border-style:solid;border-color:#fff0;border-radius:4px;cursor:pointer}.cr-web-form label.required:after{content:' *';width:10px;height:100%;font-size:1.1em;line-height:inherit}.cr-web-label.required:after{content:' *'}.cr-web-form label.required .cred-html-wrapper,.cr-web-form label.required .cred-html{display:inline-block!important}<\/style>\n<style hash=\"cr-consent-required\">.cr-consent-required{display:block;margin-left:24px;padding:0!important}.cr-consent-required:after{content:' *'}<\/style>\n<style hash=\"cr-consent-wrapper\">.cr-consent-wrapper{display:flex;align-items:start}.cr-consent-wrapper input{display:block;width:auto}<\/style>\n<style hash=\"cr-web-cols\">.cr-web-stacks{display:flex}.cr-web-col-50{width:50%}.cr-web-col-33{width:33%}@media only screen and (max-width:690px){.cr-web-stacks{flex-direction:column}.cr-web-col-50,.cr-web-col-33{width:100%}}<\/style>\n<style data-source=\"autogenerated google-fixes\">u+#body a{color:#15C}u+#body{background-color:#F1F5F7}<\/style>\n  <form method=\"post\" action=\"https:\/\/flow.cleverreach.com\/fl\/c88dd7b2-f643-4605-93c5-ba7f43288069\/confirm\" class=\"\" target=\"_blank\">\n    <input type=\"text\" tabindex=\"-1\" autocomplete=\"false\" style=\"display:none !important;\" class=\"cr-nope\" name=\"email_confirm\">\n        <div class=\"cr-web-wrapper bgcolor-1\">\n            <div class=\"cr-web-row bgcolor-2\" style=\"padding:10px 20px;\">\n      <div class=\"cr-text color-2\" style=\"\">\n          <h1>Registration<\/h1>\n      <\/div>\n            <\/div>\n          <\/div>\n        <div class=\"cr-web-wrapper bgcolor-1\">\n            <div class=\"cr-web-row bgcolor-2 cr-web-stacks\" style=\"padding:0px;\">\n      <div class=\"cr-web-col-50\">\n      <div class=\"cr-text color-2 editable\" style=\"padding:10px 20px;\">\n        <div class=\"cr-web-form\">\n          <label>First name<\/label>\n          <input type=\"text\" placeholder=\"\" name=\"global.firstname\">\n        <\/div>\n      <\/div>\n      <\/div>\n      <div class=\"cr-web-col-50\">\n      <div class=\"cr-text color-2 editable\" style=\"padding:10px 20px;\">\n        <div class=\"cr-web-form\">\n          <label>Last name<\/label>\n          <input type=\"text\" placeholder=\"\" name=\"global.lastname\">\n        <\/div>\n      <\/div>\n      <\/div>\n            <\/div>\n          <\/div>\n    <div class=\"cr-web-wrapper bgcolor-1\">\n      <div class=\"cr-web-row bgcolor-2\" style=\"padding:10px 20px;\">\n        <div class=\"cr-text color-2\" style=\"\">\n          <div class=\"cr-web-form\">\n            <label class=\"required\">e-mail<\/label>\n            <input type=\"email\" placeholder=\"\" name=\"email\" required=\"\">\n          <\/div>\n        <\/div>\n      <\/div>\n    <\/div>\n        <div class=\"cr-web-wrapper bgcolor-1\">\n            <div class=\"cr-web-row bgcolor-2\" style=\"padding:10px 20px;\">\n    <div class=\"cr-text color-2\" style=\"\">\n      <div class=\"cr-web-form\">\n        <div>\n          <div class=\"cr-consent-wrapper\">\n            <input type=\"checkbox\" name=\"tags[]\" value=\"accept\" required=\"\">\n            <label class=\"cr-consent-required\">Our free newsletter regularly informs you by email about new products and special offers. The data you enter here will only be used to personalize the newsletter and will not be passed on to third parties. By submitting the data you have entered, you consent to data processing and confirm our privacy policy.<\/label>\n          <\/div>\n        <\/div>\n      <\/div>\n    <\/div>\n            <\/div>\n          <\/div>\n    <div class=\"cr-web-wrapper bgcolor-1\">\n      <div class=\"cr-web-row bgcolor-2\" style=\"padding:10px 20px;\">\n        <div class=\"cr-web-form\">\n          <button type=\"submit\" class=\"aux-color-1 aux-bgcolor-1 cr-text\">Register<\/button>\n        <\/div>\n      <\/div>\n    <\/div>\n  <\/form>\n  \n<\/div><\/div><\/div>\n<\/div><\/div>","protected":false},"excerpt":{"rendered":"<p>Newsletter Immer aktuell informiert bleiben. In unserem Newsletter informieren wir Sie regelm\u00e4\u00dfig \u00fcber&nbsp;aktuelle News zu SAP, Produktneuheiten und spannende Veranstaltungen und Webinare. Anmeldung Vorname Nachname E-Mail Unser kostenloser Newsletter informiert [&hellip;]<\/p>\n","protected":false},"author":1,"featured_media":0,"parent":0,"menu_order":0,"comment_status":"closed","ping_status":"closed","template":"","meta":{"footnotes":""},"class_list":["post-2167","page","type-page","status-publish","hentry"],"blocksy_meta":[],"_links":{"self":[{"href":"https:\/\/gopus.de\/en\/wp-json\/wp\/v2\/pages\/2167","targetHints":{"allow":["GET"]}}],"collection":[{"href":"https:\/\/gopus.de\/en\/wp-json\/wp\/v2\/pages"}],"about":[{"href":"https:\/\/gopus.de\/en\/wp-json\/wp\/v2\/types\/page"}],"author":[{"embeddable":true,"href":"https:\/\/gopus.de\/en\/wp-json\/wp\/v2\/users\/1"}],"replies":[{"embeddable":true,"href":"https:\/\/gopus.de\/en\/wp-json\/wp\/v2\/comments?post=2167"}],"version-history":[{"count":13,"href":"https:\/\/gopus.de\/en\/wp-json\/wp\/v2\/pages\/2167\/revisions"}],"predecessor-version":[{"id":5216,"href":"https:\/\/gopus.de\/en\/wp-json\/wp\/v2\/pages\/2167\/revisions\/5216"}],"wp:attachment":[{"href":"https:\/\/gopus.de\/en\/wp-json\/wp\/v2\/media?parent=2167"}],"curies":[{"name":"wp","href":"https:\/\/api.w.org\/{rel}","templated":true}]}}